{"id":2421,"date":"2015-02-10T19:21:19","date_gmt":"2015-02-10T19:21:19","guid":{"rendered":"http:\/\/ianus.co\/chi-siamo\/"},"modified":"2021-08-27T14:44:47","modified_gmt":"2021-08-27T14:44:47","slug":"qui-sommes-nous","status":"publish","type":"page","link":"https:\/\/ianus.co\/fr\/qui-sommes-nous\/","title":{"rendered":"Qui sommes-nous"},"content":{"rendered":"<p><div class=\"fusion-fullwidth fullwidth-box fusion-builder-row-1 nonhundred-percent-fullwidth non-hundred-percent-height-scrolling\" style=\"--awb-border-radius-top-left:0px;--awb-border-radius-top-right:0px;--awb-border-radius-bottom-right:0px;--awb-border-radius-bottom-left:0px;--awb-flex-wrap:wrap;\" ><div class=\"fusion-builder-row fusion-row\"><div class=\"fusion-layout-column fusion_builder_column fusion-builder-column-0 fusion_builder_column_1_1 1_1 fusion-one-full fusion-column-first fusion-column-last\" style=\"--awb-bg-size:cover;\"><div class=\"fusion-column-wrapper fusion-flex-column-wrapper-legacy\"><div class=\"fusion-sep-clear\"><\/div><div class=\"fusion-separator fusion-no-small-visibility fusion-no-medium-visibility fusion-full-width-sep\" style=\"margin-left: auto;margin-right: auto;margin-top:30px;width:100%;\"><\/div><div class=\"fusion-sep-clear\"><\/div><div class=\"fusion-title title fusion-title-1 fusion-title-text fusion-title-size-one\"><h1 class=\"fusion-title-heading title-heading-left fusion-responsive-typography-calculated\" style=\"margin:0;--fontSize:48;line-height:1.33;\">QUI SOMMES-NOUS<\/h1><span class=\"awb-title-spacer\"><\/span><div class=\"title-sep-container\"><div class=\"title-sep sep-single sep-solid\" style=\"border-color:#e0dede;\"><\/div><\/div><\/div><div class=\"fusion-clearfix\"><\/div><\/div><\/div><\/div><\/div><div class=\"fusion-fullwidth fullwidth-box fusion-builder-row-2 nonhundred-percent-fullwidth non-hundred-percent-height-scrolling\" style=\"--awb-background-position:left top;--awb-border-sizes-top:0px;--awb-border-sizes-bottom:0px;--awb-border-sizes-left:0px;--awb-border-sizes-right:0px;--awb-border-radius-top-left:0px;--awb-border-radius-top-right:0px;--awb-border-radius-bottom-right:0px;--awb-border-radius-bottom-left:0px;--awb-padding-top:40px;--awb-padding-bottom:40px;--awb-flex-wrap:wrap;\" ><div class=\"fusion-builder-row fusion-row\"><div class=\"fusion-layout-column fusion_builder_column fusion-builder-column-1 fusion_builder_column_1_2 1_2 fusion-one-half fusion-column-first\" style=\"--awb-bg-size:cover;width:48%; margin-right: 4%;\"><div class=\"fusion-column-wrapper fusion-flex-column-wrapper-legacy\"><div class=\"fusion-text fusion-text-1\"><p>Ianus est le dieu qui \u201cpr\u00e8side [\u2026] \u00e0 tous les commencements et les passages et les seuils, mat\u00e9riels et immat\u00e9riels, tels que les seuils des maisons, les portes, les passages couverts et ceux surmont\u00e9s par un arc, mais aussi le d\u00e9but d\u2019une nouvelle entreprise, de la vie de l\u2019homme, de la vie \u00e9conomique, du temps historique et du temps mythique, de la religion, des dieux m\u00eames, du monde, de l\u2019humanit\u00e9 [\u2026], de la civilisation, des institutions\u201d [source: Wikip\u00e9dia.it].<\/p>\n<p>ll est le dieu bifrons par excellence, qui tourne son regard vers le pass\u00e9 et vers le futur. Le pass\u00e9 de ce que les hommes ou la nature ont b\u00e2ti, le pr\u00e9sent des technologies (comme le laser scanner) qui nous permettent d\u2019\u00e9tudier et sauvegarder notre patrimoine pour les g\u00e9n\u00e9rations futures.<\/p>\n<p>Ianus est une association de professionnels cr\u00e9\u00e9e par la n\u00e9cessit\u00e9 d\u2019int\u00e9grer et de mettre en r\u00e9seau professionnalisme et exp\u00e9rience vari\u00e9e qui convergent sur les techniques et les modalit\u00e9s de connaissance de l\u2019architecture et de l\u2019espace.<br \/>\nNotre int\u00e9r\u00eat est l\u2019\u00e9tude de l\u2019\u0153uvre architecturale, des restes arch\u00e9ologiques, du territoire, le d\u00e9veloppement d\u2019une strat\u00e9gie de connaissance et la production de mat\u00e9riaux descriptifs et utiles pour des diff\u00e9rents utilisateurs.<br \/>\nDes relev\u00e9s m\u00e9triques, mais pas seulement.<\/p>\n<p>Nos \u00e9tudes se fondent sur l\u2019analyse de l\u2019histoire \u00e9volutive de l\u2019\u0153uvre, sur un parcours direct de lecture stratigraphique des murs et sur un parcours indirect d\u2019analyse des sources historique et des archives.\u2028Nous utilisons la photographie pour documenter les milieux de travail et cr\u00e9er des photographies d\u2019haute qualit\u00e9 m\u00e9triquement pr\u00e9cises et fiables.\u2028Nous sommes \u00e0 m\u00eame d\u2019identifier les alt\u00e9rations et les d\u00e9formations des structures, les mat\u00e9riaux de construction utilis\u00e9s, la forme et les dimensions de leur d\u00e9gradation.<\/p>\n<\/div><div class=\"fusion-clearfix\"><\/div><\/div><\/div><div class=\"fusion-layout-column fusion_builder_column fusion-builder-column-2 fusion_builder_column_1_2 1_2 fusion-one-half fusion-column-last\" style=\"--awb-bg-size:cover;width:48%;\"><div class=\"fusion-column-wrapper fusion-flex-column-wrapper-legacy\"><div class=\"fusion-text fusion-text-2\"><p>Gr\u00e2ce \u00e0 la collaboration de partenaires sp\u00e9cialis\u00e9s, nous pouvons ex\u00e9cuter des relev\u00e9s architecturaux, \u00e0 savoir des relev\u00e9s int\u00e9gr\u00e9s avec des activit\u00e9s d\u2019excavation sur les d\u00e9couvertes et sur l\u2019avancement des travaux (sur plusieurs sites internet le relev\u00e9 architectural est confondu avec le relev\u00e9s arch\u00e9ologique, comme si le relev\u00e9 d\u2019une fortification \u00e9trusque \u00e9tait diff\u00e9rent du relev\u00e9 d\u2019une fortification m\u00e9di\u00e9vale).<br \/>\nLes activit\u00e9s de Ianus sont le r\u00e9sultat de nos comp\u00e9tences:<\/p>\n<p><a href=\"\/fr\/categoria_portfolio\/releve-architectural\/\" target=\"_blank\" rel=\"noopener noreferrer\">Relev\u00e9 architectural<\/a><br \/>\n<a href=\"\/fr\/categoria_portfolio\/releve-archeologique\/\" target=\"_blank\" rel=\"noopener noreferrer\">Relev\u00e9 arch\u00e9ologique<\/a><br \/>\n<a href=\"\/fr\/categoria_portfolio\/releve-infrastructures\/\" target=\"_blank\" rel=\"noopener noreferrer\">Relev\u00e9 structurel<\/a><br \/>\n<a href=\"\/fr\/categoria_portfolio\/orto-photoplans\/\" target=\"_blank\" rel=\"noopener noreferrer\">Ortho-photoplans<\/a><br \/>\n<a href=\"\/fr\/categoria_portfolio\/identification\/\" target=\"_blank\" rel=\"noopener noreferrer\">Relev\u00e9 critique<\/a><br \/>\n<a href=\"\/fr\/categoria_portfolio\/plan-masse\/\" target=\"_blank\" rel=\"noopener noreferrer\">Relev\u00e9 environnemental<\/a><\/p>\n<p>Nous utilisons les technologies les plus appropri\u00e9es pour chaque \u00e9tude, \u00e0 partir du laser scanner terrestre et la station total au peigne \u00e0 aiguilles, des appareils photo num\u00e9riques professionnels, des logiciels de gestion et d\u2019\u00e9laboration.<br \/>\nIanus se trouve dans cinque villes: Cagliari, V\u00e9rone, Sienne, Pise et Paris.<br \/>\nUne direction unique, comme c\u2019est le cas des associations, s\u2019occupe des choix \u00e9conomiques et strat\u00e9giques, alors que les antennes locales, surtout gr\u00e2ce \u00e0 un vaste r\u00e9seau de partenaires, projettent et ex\u00e9cutent les travaux.<br \/>\nLes antennes sont dirig\u00e9es par un partenaire et travaillent en coop\u00e9ration, en partageant le personnel et les experiences.<br \/>\nChaque antenne offre des services d\u2019architecture et d\u2019ing\u00e9nierie vari\u00e9s au niveau local (conception, direction des travaux, obtention d\u2019autorisations aupr\u00e8s de la Direction g\u00e9n\u00e9rale du patrimoine artistique, de documents pour la s\u00e9curit\u00e9, expertises).<\/p>\n<\/div><div class=\"fusion-clearfix\"><\/div><\/div><\/div><\/div><\/div><div class=\"fusion-fullwidth fullwidth-box fusion-builder-row-3 nonhundred-percent-fullwidth non-hundred-percent-height-scrolling\" style=\"--awb-border-radius-top-left:0px;--awb-border-radius-top-right:0px;--awb-border-radius-bottom-right:0px;--awb-border-radius-bottom-left:0px;--awb-flex-wrap:wrap;\" ><div class=\"fusion-builder-row fusion-row\"><div class=\"fusion-layout-column fusion_builder_column fusion-builder-column-3 fusion_builder_column_1_2 1_2 fusion-one-half fusion-column-first\" style=\"--awb-bg-size:cover;width:50%;width:calc(50% - ( ( 4% ) * 0.5 ) );margin-right: 4%;\"><div class=\"fusion-column-wrapper fusion-flex-column-wrapper-legacy\"><div class=\"fusion-image-carousel fusion-image-carousel-auto fusion-image-carousel-1\"><div class=\"awb-carousel awb-swiper awb-swiper-carousel awb-swiper-dots-position-bottom awb-carousel--carousel\" data-layout=\"carousel\" data-autoplay=\"no\" data-autoplayspeed=\"2500\" data-autoplaypause=\"no\" data-columns=\"2\" data-itemmargin=\"13\" data-itemwidth=\"180\" data-touchscroll=\"no\" data-freemode=\"no\" data-imagesize=\"auto\" data-scrollitems=\"0\" data-centeredslides=\"no\" data-rotationangle=\"50\" data-depth=\"100\" data-speed=\"500\" data-shadow=\"no\" style=\"--awb-columns:2;\"><div class=\"swiper-wrapper awb-image-carousel-wrapper fusion-flex-align-items-center\"><div class=\"swiper-slide\"><div class=\"fusion-carousel-item-wrapper\"><div class=\"fusion-image-wrapper hover-type-none\"><a href=\"mailto:diego.schirru@ianus.co\" target=\"_self\"><img decoding=\"async\" width=\"80\" height=\"130\" src=\"https:\/\/ianus.co\/wp-content\/uploads\/2015\/02\/ianus_cagliari.png\" class=\"attachment-full size-full\" alt=\"\" \/><\/a><\/div><\/div><\/div><div class=\"swiper-slide\"><div class=\"fusion-carousel-item-wrapper\"><div class=\"fusion-image-wrapper hover-type-none\"><a href=\"mailto:fausto.randazzo@ianus.co\" target=\"_self\"><img decoding=\"async\" width=\"80\" height=\"130\" src=\"https:\/\/ianus.co\/wp-content\/uploads\/2015\/02\/ianus_verona.png\" class=\"attachment-full size-full\" alt=\"\" \/><\/a><\/div><\/div><\/div><\/div><div class=\"awb-swiper-button awb-swiper-button-prev\"><i class=\"awb-icon-angle-left\" aria-hidden=\"true\"><\/i><\/div><div class=\"awb-swiper-button awb-swiper-button-next\"><i class=\"awb-icon-angle-right\" aria-hidden=\"true\"><\/i><\/div><\/div><\/div><div class=\"fusion-clearfix\"><\/div><\/div><\/div><div class=\"fusion-layout-column fusion_builder_column fusion-builder-column-4 fusion_builder_column_1_2 1_2 fusion-one-half fusion-column-last\" style=\"--awb-bg-size:cover;width:50%;width:calc(50% - ( ( 4% ) * 0.5 ) );\"><div class=\"fusion-column-wrapper fusion-flex-column-wrapper-legacy\"><div class=\"fusion-image-carousel fusion-image-carousel-auto fusion-image-carousel-2\"><div class=\"awb-carousel awb-swiper awb-swiper-carousel awb-swiper-dots-position-bottom awb-carousel--carousel\" data-layout=\"carousel\" data-autoplay=\"no\" data-autoplayspeed=\"2500\" data-autoplaypause=\"no\" data-columns=\"2\" data-itemmargin=\"13\" data-itemwidth=\"180\" data-touchscroll=\"no\" data-freemode=\"no\" data-imagesize=\"auto\" data-scrollitems=\"0\" data-centeredslides=\"no\" data-rotationangle=\"50\" data-depth=\"100\" data-speed=\"500\" data-shadow=\"no\" style=\"--awb-columns:2;\"><div class=\"swiper-wrapper awb-image-carousel-wrapper fusion-flex-align-items-center\"><div class=\"swiper-slide\"><div class=\"fusion-carousel-item-wrapper\"><div class=\"fusion-image-wrapper hover-type-none\"><a href=\"mailto:andrea.magrini@ianus.co\" target=\"_self\"><img decoding=\"async\" width=\"80\" height=\"130\" src=\"https:\/\/ianus.co\/wp-content\/uploads\/2015\/02\/ianus_siena.png\" class=\"attachment-full size-full\" alt=\"\" \/><\/a><\/div><\/div><\/div><div class=\"swiper-slide\"><div class=\"fusion-carousel-item-wrapper\"><div class=\"fusion-image-wrapper hover-type-none\"><a href=\"mailto:daniele.rossetti@ianus.co\" target=\"_self\"><img decoding=\"async\" width=\"80\" height=\"130\" src=\"https:\/\/ianus.co\/wp-content\/uploads\/2021\/08\/ianus_firenze.png\" class=\"attachment-full size-full\" alt=\"ianus_firenze\" \/><\/a><\/div><\/div><\/div><\/div><div class=\"awb-swiper-button awb-swiper-button-prev\"><i class=\"awb-icon-angle-left\" aria-hidden=\"true\"><\/i><\/div><div class=\"awb-swiper-button awb-swiper-button-next\"><i class=\"awb-icon-angle-right\" aria-hidden=\"true\"><\/i><\/div><\/div><\/div><div class=\"fusion-clearfix\"><\/div><\/div><\/div><\/div><\/div><\/p>\n","protected":false},"excerpt":{"rendered":"","protected":false},"author":5,"featured_media":0,"parent":0,"menu_order":0,"comment_status":"closed","ping_status":"open","template":"100-width.php","meta":{"inline_featured_image":false,"footnotes":""},"class_list":["post-2421","page","type-page","status-publish","hentry"],"yoast_head":"<!-- This site is optimized with the Yoast SEO plugin v26.9 - https:\/\/yoast.com\/product\/yoast-seo-wordpress\/ -->\n<title>Qui sommes-nous - Ianus<\/title>\n<meta name=\"robots\" content=\"index, follow, max-snippet:-1, max-image-preview:large, max-video-preview:-1\" \/>\n<link rel=\"canonical\" href=\"https:\/\/ianus.co\/fr\/qui-sommes-nous\/\" \/>\n<meta property=\"og:locale\" content=\"fr_FR\" \/>\n<meta property=\"og:type\" content=\"article\" \/>\n<meta property=\"og:title\" content=\"Qui sommes-nous - Ianus\" \/>\n<meta property=\"og:url\" content=\"https:\/\/ianus.co\/fr\/qui-sommes-nous\/\" \/>\n<meta property=\"og:site_name\" content=\"Ianus\" \/>\n<meta property=\"article:publisher\" content=\"https:\/\/www.facebook.com\/CoopIanus\/\" \/>\n<meta property=\"article:modified_time\" content=\"2021-08-27T14:44:47+00:00\" \/>\n<meta name=\"twitter:card\" content=\"summary_large_image\" \/>\n<meta name=\"twitter:label1\" content=\"Dur\u00e9e de lecture estim\u00e9e\" \/>\n\t<meta name=\"twitter:data1\" content=\"4 minutes\" \/>\n<script type=\"application\/ld+json\" class=\"yoast-schema-graph\">{\"@context\":\"https:\/\/schema.org\",\"@graph\":[{\"@type\":\"WebPage\",\"@id\":\"https:\/\/ianus.co\/fr\/qui-sommes-nous\/\",\"url\":\"https:\/\/ianus.co\/fr\/qui-sommes-nous\/\",\"name\":\"Qui sommes-nous - Ianus\",\"isPartOf\":{\"@id\":\"https:\/\/ianus.co\/#website\"},\"datePublished\":\"2015-02-10T19:21:19+00:00\",\"dateModified\":\"2021-08-27T14:44:47+00:00\",\"breadcrumb\":{\"@id\":\"https:\/\/ianus.co\/fr\/qui-sommes-nous\/#breadcrumb\"},\"inLanguage\":\"fr-FR\",\"potentialAction\":[{\"@type\":\"ReadAction\",\"target\":[\"https:\/\/ianus.co\/fr\/qui-sommes-nous\/\"]}]},{\"@type\":\"BreadcrumbList\",\"@id\":\"https:\/\/ianus.co\/fr\/qui-sommes-nous\/#breadcrumb\",\"itemListElement\":[{\"@type\":\"ListItem\",\"position\":1,\"name\":\"Home\",\"item\":\"https:\/\/ianus.co\/fr\/\"},{\"@type\":\"ListItem\",\"position\":2,\"name\":\"Qui sommes-nous\"}]},{\"@type\":\"WebSite\",\"@id\":\"https:\/\/ianus.co\/#website\",\"url\":\"https:\/\/ianus.co\/\",\"name\":\"Ianus\",\"description\":\"CONOSCERE L&#039;ARCHITETTURA\",\"potentialAction\":[{\"@type\":\"SearchAction\",\"target\":{\"@type\":\"EntryPoint\",\"urlTemplate\":\"https:\/\/ianus.co\/?s={search_term_string}\"},\"query-input\":{\"@type\":\"PropertyValueSpecification\",\"valueRequired\":true,\"valueName\":\"search_term_string\"}}],\"inLanguage\":\"fr-FR\"}]}<\/script>\n<!-- \/ Yoast SEO plugin. -->","yoast_head_json":{"title":"Qui sommes-nous - Ianus","robots":{"index":"index","follow":"follow","max-snippet":"max-snippet:-1","max-image-preview":"max-image-preview:large","max-video-preview":"max-video-preview:-1"},"canonical":"https:\/\/ianus.co\/fr\/qui-sommes-nous\/","og_locale":"fr_FR","og_type":"article","og_title":"Qui sommes-nous - Ianus","og_url":"https:\/\/ianus.co\/fr\/qui-sommes-nous\/","og_site_name":"Ianus","article_publisher":"https:\/\/www.facebook.com\/CoopIanus\/","article_modified_time":"2021-08-27T14:44:47+00:00","twitter_card":"summary_large_image","twitter_misc":{"Dur\u00e9e de lecture estim\u00e9e":"4 minutes"},"schema":{"@context":"https:\/\/schema.org","@graph":[{"@type":"WebPage","@id":"https:\/\/ianus.co\/fr\/qui-sommes-nous\/","url":"https:\/\/ianus.co\/fr\/qui-sommes-nous\/","name":"Qui sommes-nous - Ianus","isPartOf":{"@id":"https:\/\/ianus.co\/#website"},"datePublished":"2015-02-10T19:21:19+00:00","dateModified":"2021-08-27T14:44:47+00:00","breadcrumb":{"@id":"https:\/\/ianus.co\/fr\/qui-sommes-nous\/#breadcrumb"},"inLanguage":"fr-FR","potentialAction":[{"@type":"ReadAction","target":["https:\/\/ianus.co\/fr\/qui-sommes-nous\/"]}]},{"@type":"BreadcrumbList","@id":"https:\/\/ianus.co\/fr\/qui-sommes-nous\/#breadcrumb","itemListElement":[{"@type":"ListItem","position":1,"name":"Home","item":"https:\/\/ianus.co\/fr\/"},{"@type":"ListItem","position":2,"name":"Qui sommes-nous"}]},{"@type":"WebSite","@id":"https:\/\/ianus.co\/#website","url":"https:\/\/ianus.co\/","name":"Ianus","description":"CONOSCERE L&#039;ARCHITETTURA","potentialAction":[{"@type":"SearchAction","target":{"@type":"EntryPoint","urlTemplate":"https:\/\/ianus.co\/?s={search_term_string}"},"query-input":{"@type":"PropertyValueSpecification","valueRequired":true,"valueName":"search_term_string"}}],"inLanguage":"fr-FR"}]}},"_links":{"self":[{"href":"https:\/\/ianus.co\/fr\/wp-json\/wp\/v2\/pages\/2421","targetHints":{"allow":["GET"]}}],"collection":[{"href":"https:\/\/ianus.co\/fr\/wp-json\/wp\/v2\/pages"}],"about":[{"href":"https:\/\/ianus.co\/fr\/wp-json\/wp\/v2\/types\/page"}],"author":[{"embeddable":true,"href":"https:\/\/ianus.co\/fr\/wp-json\/wp\/v2\/users\/5"}],"replies":[{"embeddable":true,"href":"https:\/\/ianus.co\/fr\/wp-json\/wp\/v2\/comments?post=2421"}],"version-history":[{"count":15,"href":"https:\/\/ianus.co\/fr\/wp-json\/wp\/v2\/pages\/2421\/revisions"}],"predecessor-version":[{"id":3286,"href":"https:\/\/ianus.co\/fr\/wp-json\/wp\/v2\/pages\/2421\/revisions\/3286"}],"wp:attachment":[{"href":"https:\/\/ianus.co\/fr\/wp-json\/wp\/v2\/media?parent=2421"}],"curies":[{"name":"wp","href":"https:\/\/api.w.org\/{rel}","templated":true}]}}